{"id":69,"date":"2016-12-29T13:20:45","date_gmt":"2016-12-29T12:20:45","guid":{"rendered":"https:\/\/identoframework.demos-idento.es\/?page_id=69"},"modified":"2025-12-05T12:06:50","modified_gmt":"2025-12-05T11:06:50","slug":"politica-de-privacidad","status":"publish","type":"page","link":"https:\/\/www.guidedtour-spain.com\/es\/politica-de-privacidad\/","title":{"rendered":"Pol\u00edtica de privacidad"},"content":{"rendered":"<p>Nhue\u00a0 Concierge SL\u00a0el responsable del tratamiento de los datos personales que el usuario facilita\u00a0 y le informa que estos datos ser\u00e1n tratados de conformidad con lo dispuesto en el Reglamento (UE) 2016\/679 de 27 de abril de 2016 (GDPR) , por lo que se le facilita la\u00a0siguiente informaci\u00f3n del tratamiento:<\/p>\n<ul>\n<li><b>Fin del tratamiento:<\/b>\u00a0gestionar los servicios\u00a0 que se ofrecen en la p\u00e1gina web, a saber, informaci\u00f3n sobre los distintos destinos tur\u00edsticos, as\u00ed como, paquetes tur\u00edsticos en general. y cuya finalidad es la de poder gestionar los pedidos recibidos, dar respuesta a las consultas y solicitudes que los usuarios puedan formular, as\u00ed como para poder enviarle informaci\u00f3n comercial sobre aquellas promociones\/ofertas de nuestros productos. \u00a0En caso de que nos env\u00edes informaci\u00f3n personal o incluso tu curriculum para trabajar con nosotros, trataremos estos datos con la finalidad de selecci\u00f3n de personal eliminando tus datos si no vamos a realizar ninguna incorporaci\u00f3n nuestra empresa.\u00a0En cuanto a\u00a0la publicaci\u00f3n de datos personales en blogs y redes sociales que puede compartir esta web, se podr\u00e1n tratar los datos personales con la idea de contestar comentarios y mejorar nuestros servicios. La pol\u00edtica de privacidad es la marcada por las entidades responsables de esos sitios. No nos hacemos responsables de la informaci\u00f3n personal que cada usuario pueda publicar.<\/li>\n<li><b>Criterios de conservaci\u00f3n de los datos<\/b>:\u00a0se\u00a0conservar\u00e1n mientras exista una relaci\u00f3n con usted tanto por los productos vendidos, como por los servicios ofertados o bien, por la existencia de alguna obligaci\u00f3n legal.<\/li>\n<\/ul>\n<ul>\n<li><b>Legitimaci\u00f3n:<\/b>\u00a0al marcar\u00a0 la casilla de aceptaci\u00f3n , est\u00e1s\u00a0 dando es\u00a0 tu\u00a0 leg\u00edtimo consentimiento\u00a0 para que\u00a0 tus datos\u00a0 sean tratados\u00a0 conforme\u00a0 a las finalidades\u00a0 de este formulario descritas en la pol\u00edtica de\u00a0 privacidad.<\/li>\n<\/ul>\n<ul>\n<li><b>Destinatarios:<\/b>\u00a0los datos ser\u00e1n comunicados a las entidades, establecimientos y locales que est\u00e9n vinculados a la petici\u00f3n\u00a0 solicitada \u00a0as\u00ed mismo la plataforma de gesti\u00f3n de reservas y cobro, a nuestra asesor\u00eda fiscal\u00a0 encargada del tratamiento fiscal. Tambi\u00e9n tendr\u00e1n acceso los desarrolladores webs y la empresa que nos da alojamiento en sus servidores. Todas ellas tienen regularizado con nosotros el acceso a esos datos para el fin exclusivamente aqu\u00ed descrito. No se van a destinar a ning\u00fan otro tercero para su tratamiento, salvo obligaciones legales.<\/li>\n<\/ul>\n<ul>\n<li>Derechos que asisten al Usuario:\n<ul>\n<li>Derecho a retirar el consentimiento en cualquier momento. Derecho a oponerse y a la portabilidad de los datos personales.\u00a0 El derecho a la portabilidad se establece como derecho\u00a0 del interesado\u00a0 a recibir\u00a0 todos aquellos datos personales\u00a0 que le incumban\u00a0 y que haya facilitado a un responsable, siempre y cuando\u00a0 el tratamiento este basado en el consentimiento o sea necesario para la ejecuci\u00f3n de un contrato\u00a0 y el mismo se efectu\u00e9 por medios automatizados<\/li>\n<li>Derecho de acceso, rectificaci\u00f3n y supresi\u00f3n de sus datos y a la limitaci\u00f3n u oposici\u00f3n a su tratamiento.<\/li>\n<li>Derecho a presentar una reclamaci\u00f3n ante la Autoridad de control\u00a0 si no ha obtenido satisfacci\u00f3n en el ejercicio de sus derechos, en este caso, ante la Agencia Espa\u00f1ola de protecci\u00f3n de datos\u00a0 <a href=\"https:\/\/www.aepd.es\/\">https:\/\/www.agpd.es<\/a><\/li>\n<\/ul>\n<\/li>\n<\/ul>\n<p><i><u>Derecho de acceso<\/u><\/i>: El interesado tendr\u00e1 derecho a solicitar y obtener gratuitamente la informaci\u00f3n de sus datos\u00a0 de car\u00e1cter personal sometidos a tratamiento, el origen de dichos datos,\u00a0 as\u00ed como,\u00a0 las comunicaciones realizadas o que se prev\u00e9n hacer de los mismos. Cuando el interesado presente la solicitud por medios electr\u00f3nicos, y a menos que este solicite que se facilite de otro modo, la informaci\u00f3n se facilitar\u00e1 en un formato electr\u00f3nico de uso com\u00fan. El derecho a obtener copia no afectar\u00e1 negativamente a los derechos y libertades de otros.<\/p>\n<p><i><u>Derecho de rectificaci\u00f3n y supresi\u00f3n<\/u><\/i>: El responsable del tratamiento tendr\u00e1 la obligaci\u00f3n de hacer efectivo\u00a0 el derecho de rectificaci\u00f3n o supresi\u00f3n\u00a0 del interesado en el plazo de diez d\u00edas. Ser\u00e1n rectificados o suprimidos en su caso, los datos de car\u00e1cter personal cuyo tratamiento\u00a0 no se ajuste a lo dispuesto en la ley y en particular, cuando tales datos resulten inexactos e incompletos, tendr\u00e1 derecho a obtener sin dilaci\u00f3n indebida, la rectificaci\u00f3n de los datos personales inexactos que le conciernan. El interesado tendr\u00e1 derecho a que se completen los datos personales que sean incompletos, inclusive mediante una declaraci\u00f3n adicional.<\/p>\n<p><i><u>Derecho a la limitaci\u00f3n del\u00a0<\/u><\/i><u>tratamiento<\/u>\u00a0el interesado tendr\u00e1 derecho a obtener del responsable del tratamiento la limitaci\u00f3n del tratamiento de los datos. Cuando el tratamiento de datos personales se haya limitado, solo podr\u00e1n ser objeto de tratamiento para su conservaci\u00f3n, con el consentimiento del interesado,\u00a0 para la formulaci\u00f3n, el ejercicio o la defensa de reclamaciones, con miras a la protecci\u00f3n de los derechos de otra persona f\u00edsica o jur\u00eddica o por razones de inter\u00e9s p\u00fablico. Todo interesado que haya obtenido la limitaci\u00f3n del tratamiento ser\u00e1 informado por el responsable antes del levantamiento de dicha limitaci\u00f3n.<\/p>\n<p><i><u>Derecho de oposici\u00f3n:\u00a0<\/u><\/i>El interesado tendr\u00e1 derecho a oponerse en cualquier momento, por motivos relacionados con su situaci\u00f3n particular, a que datos personales que le conciernan (inter\u00e9s p\u00fablico e inter\u00e9s leg\u00edtimo) sean objeto de\u00a0 tratamiento, incluida la elaboraci\u00f3n de perfiles sobre la base de dichas disposiciones.\u00a0Nhue\u00a0 Concierge SL\u00a0dejar\u00e1 de tratar los datos personales, salvo que acredite motivos leg\u00edtimos imperiosos para el tratamiento que prevalezcan sobre los intereses, los derechos y las libertades del interesado, o para la formulaci\u00f3n, el ejercicio o la defensa de reclamaciones.<\/p>\n<p>Puede ejercer estos derechos\u00a0 mediante el env\u00edo de un correo electr\u00f3nico o de correo postal, ambos con la fotocopia del DNI del titular, incorporada o anexada:<\/p>\n<ul>\n<li>Direcci\u00f3n postal: C\/ Pavaneras N3, 18009, Granada (Local Bajo)<\/li>\n<li>Direcci\u00f3n electr\u00f3nica: customerservice@nhue.es<\/li>\n<\/ul>\n","protected":false},"excerpt":{"rendered":"<p>Nhue\u00a0 Concierge SL\u00a0el responsable del tratamiento de los datos personales que el usuario facilita\u00a0 y le informa que estos datos [&hellip;]<\/p>\n","protected":false},"author":2,"featured_media":0,"parent":0,"menu_order":0,"comment_status":"closed","ping_status":"closed","template":"","meta":{"_acf_changed":false,"_joinchat":[],"footnotes":""},"class_list":["post-69","page","type-page","status-publish","hentry"],"acf":[],"yoast_head":"<!-- This site is optimized with the Yoast SEO plugin v27.2 - https:\/\/yoast.com\/product\/yoast-seo-wordpress\/ -->\n<title>Pol\u00edtica de privacidad | Nhue<\/title>\n<meta name=\"robots\" content=\"noindex, follow\" \/>\n<meta property=\"og:locale\" content=\"es_ES\" \/>\n<meta property=\"og:type\" content=\"article\" \/>\n<meta property=\"og:title\" content=\"Pol\u00edtica de privacidad | Nhue\" \/>\n<meta property=\"og:description\" content=\"Nhue\u00a0 Concierge SL\u00a0el responsable del tratamiento de los datos personales que el usuario facilita\u00a0 y le informa que estos datos [&hellip;]\" \/>\n<meta property=\"og:url\" content=\"https:\/\/www.guidedtour-spain.com\/es\/politica-de-privacidad\/\" \/>\n<meta property=\"og:site_name\" content=\"Nhue\" \/>\n<meta property=\"article:modified_time\" content=\"2025-12-05T11:06:50+00:00\" \/>\n<meta property=\"og:image\" content=\"https:\/\/www.guidedtour-spain.com\/wp-content\/uploads\/2020\/06\/logo_nhue-e1765275863805.jpg\" \/>\n\t<meta property=\"og:image:width\" content=\"350\" \/>\n\t<meta property=\"og:image:height\" content=\"245\" \/>\n\t<meta property=\"og:image:type\" content=\"image\/jpeg\" \/>\n<meta name=\"twitter:card\" content=\"summary_large_image\" \/>\n<meta name=\"twitter:label1\" content=\"Tiempo de lectura\" \/>\n\t<meta name=\"twitter:data1\" content=\"5 minutos\" \/>\n<script type=\"application\/ld+json\" class=\"yoast-schema-graph\">{\"@context\":\"https:\/\/schema.org\",\"@graph\":[{\"@type\":\"WebPage\",\"@id\":\"https:\/\/www.guidedtour-spain.com\/es\/politica-de-privacidad\/\",\"url\":\"https:\/\/www.guidedtour-spain.com\/es\/politica-de-privacidad\/\",\"name\":\"Pol\u00edtica de privacidad | Nhue\",\"isPartOf\":{\"@id\":\"https:\/\/www.guidedtour-spain.com\/es\/#website\"},\"datePublished\":\"2016-12-29T12:20:45+00:00\",\"dateModified\":\"2025-12-05T11:06:50+00:00\",\"breadcrumb\":{\"@id\":\"https:\/\/www.guidedtour-spain.com\/es\/politica-de-privacidad\/#breadcrumb\"},\"inLanguage\":\"es\",\"potentialAction\":[{\"@type\":\"ReadAction\",\"target\":[\"https:\/\/www.guidedtour-spain.com\/es\/politica-de-privacidad\/\"]}]},{\"@type\":\"BreadcrumbList\",\"@id\":\"https:\/\/www.guidedtour-spain.com\/es\/politica-de-privacidad\/#breadcrumb\",\"itemListElement\":[{\"@type\":\"ListItem\",\"position\":1,\"name\":\"Inicio\",\"item\":\"https:\/\/www.guidedtour-spain.com\/es\/\"},{\"@type\":\"ListItem\",\"position\":2,\"name\":\"Pol\u00edtica de privacidad\"}]},{\"@type\":\"WebSite\",\"@id\":\"https:\/\/www.guidedtour-spain.com\/es\/#website\",\"url\":\"https:\/\/www.guidedtour-spain.com\/es\/\",\"name\":\"Tours y experiencias inolvidables\",\"description\":\"\",\"publisher\":{\"@id\":\"https:\/\/www.guidedtour-spain.com\/es\/#organization\"},\"alternateName\":\"Nhue\",\"potentialAction\":[{\"@type\":\"SearchAction\",\"target\":{\"@type\":\"EntryPoint\",\"urlTemplate\":\"https:\/\/www.guidedtour-spain.com\/es\/?s={search_term_string}\"},\"query-input\":{\"@type\":\"PropertyValueSpecification\",\"valueRequired\":true,\"valueName\":\"search_term_string\"}}],\"inLanguage\":\"es\"},{\"@type\":\"Organization\",\"@id\":\"https:\/\/www.guidedtour-spain.com\/es\/#organization\",\"name\":\"Nhue concierge\",\"url\":\"https:\/\/www.guidedtour-spain.com\/es\/\",\"logo\":{\"@type\":\"ImageObject\",\"inLanguage\":\"es\",\"@id\":\"https:\/\/www.guidedtour-spain.com\/es\/#\/schema\/logo\/image\/\",\"url\":\"https:\/\/www.guidedtour-spain.com\/wp-content\/uploads\/2020\/06\/logo_nhue.jpg\",\"contentUrl\":\"https:\/\/www.guidedtour-spain.com\/wp-content\/uploads\/2020\/06\/logo_nhue.jpg\",\"width\":500,\"height\":350,\"caption\":\"Nhue concierge\"},\"image\":{\"@id\":\"https:\/\/www.guidedtour-spain.com\/es\/#\/schema\/logo\/image\/\"}}]}<\/script>\n<!-- \/ Yoast SEO plugin. -->","yoast_head_json":{"title":"Pol\u00edtica de privacidad | Nhue","robots":{"index":"noindex","follow":"follow"},"og_locale":"es_ES","og_type":"article","og_title":"Pol\u00edtica de privacidad | Nhue","og_description":"Nhue\u00a0 Concierge SL\u00a0el responsable del tratamiento de los datos personales que el usuario facilita\u00a0 y le informa que estos datos [&hellip;]","og_url":"https:\/\/www.guidedtour-spain.com\/es\/politica-de-privacidad\/","og_site_name":"Nhue","article_modified_time":"2025-12-05T11:06:50+00:00","og_image":[{"width":350,"height":245,"url":"https:\/\/www.guidedtour-spain.com\/wp-content\/uploads\/2020\/06\/logo_nhue-e1765275863805.jpg","type":"image\/jpeg"}],"twitter_card":"summary_large_image","twitter_misc":{"Tiempo de lectura":"5 minutos"},"schema":{"@context":"https:\/\/schema.org","@graph":[{"@type":"WebPage","@id":"https:\/\/www.guidedtour-spain.com\/es\/politica-de-privacidad\/","url":"https:\/\/www.guidedtour-spain.com\/es\/politica-de-privacidad\/","name":"Pol\u00edtica de privacidad | Nhue","isPartOf":{"@id":"https:\/\/www.guidedtour-spain.com\/es\/#website"},"datePublished":"2016-12-29T12:20:45+00:00","dateModified":"2025-12-05T11:06:50+00:00","breadcrumb":{"@id":"https:\/\/www.guidedtour-spain.com\/es\/politica-de-privacidad\/#breadcrumb"},"inLanguage":"es","potentialAction":[{"@type":"ReadAction","target":["https:\/\/www.guidedtour-spain.com\/es\/politica-de-privacidad\/"]}]},{"@type":"BreadcrumbList","@id":"https:\/\/www.guidedtour-spain.com\/es\/politica-de-privacidad\/#breadcrumb","itemListElement":[{"@type":"ListItem","position":1,"name":"Inicio","item":"https:\/\/www.guidedtour-spain.com\/es\/"},{"@type":"ListItem","position":2,"name":"Pol\u00edtica de privacidad"}]},{"@type":"WebSite","@id":"https:\/\/www.guidedtour-spain.com\/es\/#website","url":"https:\/\/www.guidedtour-spain.com\/es\/","name":"Tours y experiencias inolvidables","description":"","publisher":{"@id":"https:\/\/www.guidedtour-spain.com\/es\/#organization"},"alternateName":"Nhue","potentialAction":[{"@type":"SearchAction","target":{"@type":"EntryPoint","urlTemplate":"https:\/\/www.guidedtour-spain.com\/es\/?s={search_term_string}"},"query-input":{"@type":"PropertyValueSpecification","valueRequired":true,"valueName":"search_term_string"}}],"inLanguage":"es"},{"@type":"Organization","@id":"https:\/\/www.guidedtour-spain.com\/es\/#organization","name":"Nhue concierge","url":"https:\/\/www.guidedtour-spain.com\/es\/","logo":{"@type":"ImageObject","inLanguage":"es","@id":"https:\/\/www.guidedtour-spain.com\/es\/#\/schema\/logo\/image\/","url":"https:\/\/www.guidedtour-spain.com\/wp-content\/uploads\/2020\/06\/logo_nhue.jpg","contentUrl":"https:\/\/www.guidedtour-spain.com\/wp-content\/uploads\/2020\/06\/logo_nhue.jpg","width":500,"height":350,"caption":"Nhue concierge"},"image":{"@id":"https:\/\/www.guidedtour-spain.com\/es\/#\/schema\/logo\/image\/"}}]}},"_links":{"self":[{"href":"https:\/\/www.guidedtour-spain.com\/es\/wp-json\/wp\/v2\/pages\/69","targetHints":{"allow":["GET"]}}],"collection":[{"href":"https:\/\/www.guidedtour-spain.com\/es\/wp-json\/wp\/v2\/pages"}],"about":[{"href":"https:\/\/www.guidedtour-spain.com\/es\/wp-json\/wp\/v2\/types\/page"}],"author":[{"embeddable":true,"href":"https:\/\/www.guidedtour-spain.com\/es\/wp-json\/wp\/v2\/users\/2"}],"replies":[{"embeddable":true,"href":"https:\/\/www.guidedtour-spain.com\/es\/wp-json\/wp\/v2\/comments?post=69"}],"version-history":[{"count":6,"href":"https:\/\/www.guidedtour-spain.com\/es\/wp-json\/wp\/v2\/pages\/69\/revisions"}],"predecessor-version":[{"id":5942,"href":"https:\/\/www.guidedtour-spain.com\/es\/wp-json\/wp\/v2\/pages\/69\/revisions\/5942"}],"wp:attachment":[{"href":"https:\/\/www.guidedtour-spain.com\/es\/wp-json\/wp\/v2\/media?parent=69"}],"curies":[{"name":"wp","href":"https:\/\/api.w.org\/{rel}","templated":true}]}}